{"id":1902,"date":"2025-03-21T13:41:15","date_gmt":"2025-03-21T12:41:15","guid":{"rendered":"https:\/\/www.peterlipa.com\/music\/"},"modified":"2026-01-13T09:23:00","modified_gmt":"2026-01-13T08:23:00","slug":"music","status":"publish","type":"page","link":"https:\/\/www.peterlipa.com\/en\/music\/","title":{"rendered":"Music"},"content":{"rendered":"\n\n\t<section class=\"section\" id=\"section_191415001\">\n\t\t<div class=\"section-bg fill\" >\n\t\t\t\t\t\t\t\t\t\n\t\t\t\n\n\t\t<\/div>\n\n\t\t\n\n\t\t<div class=\"section-content relative\">\n\t\t\t\n\n<div class=\"row\"  id=\"row-475561122\">\n\n\n\t<div id=\"col-1687534758\" class=\"col small-12 large-12\"  >\n\t\t\t\t<div class=\"col-inner\"  >\n\t\t\t\n\t\t\t\n\n\t<div id=\"text-2896437558\" class=\"text\">\n\t\t\n\n<h1>Music<\/h1>\n\t\t\n<style>\n#text-2896437558 {\n  font-size: 2rem;\n  text-align: center;\n}\n<\/style>\n\t<\/div>\n\t\n\n\t\t<\/div>\n\t\t\t\t\t<\/div>\n\n\t\n\n<\/div>\n<div class=\"row\"  id=\"row-875748137\">\n\n\n\t<div id=\"col-91566690\" class=\"col medium-6 small-12 large-4\"  >\n\t\t\t\t<div class=\"col-inner\"  >\n\t\t\t\n\t\t\t\n\n\t<div class=\"box has-hover border-radius  has-hover box-text-bottom\" >\n\n\t\t<div class=\"box-image\" >\n\t\t\t<a href=\"https:\/\/www.peterlipa.com\/hudba\/lipa-spieva-amc-trio\/\" >\t\t\t<div class=\"image-cover\" style=\"padding-top:100%;\">\n\t\t\t\t<img decoding=\"async\" width=\"1678\" height=\"1515\" src=\"https:\/\/www.peterlipa.com\/wp-content\/uploads\/Lipa-spieva-AMCx.jpg\" class=\"attachment-original size-original\" alt=\"\" srcset=\"https:\/\/www.peterlipa.com\/wp-content\/uploads\/Lipa-spieva-AMCx.jpg 1678w, https:\/\/www.peterlipa.com\/wp-content\/uploads\/Lipa-spieva-AMCx-256x231.jpg 256w\" sizes=\"(max-width: 1678px) 100vw, 1678px\" title=\"\">\t\t\t\t\t\t\t\t\t\t\t<\/div>\n\t\t\t<\/a>\t\t<\/div>\n\n\t\t<div class=\"box-text text-left\" style=\"background-color:rgb(0, 0, 0);padding:1rem 1rem 1rem 1rem;\">\n\t\t\t<div class=\"box-text-inner\">\n\t\t\t\t\n\n\t<div id=\"stack-1165889938\" class=\"stack stack-row justify-between items-center\">\n\t\t\n\n\t<div id=\"text-2635036573\" class=\"text dark\">\n\t\t\n\n<h3><a href=\"https:\/\/www.peterlipa.com\/hudba\/lipa-spieva-amc-trio\/\">Lipa spieva AMC Trio<\/a><\/h3>\n\t\t\n<style>\n#text-2635036573 {\n  font-size: 1rem;\n  color: #cf9eac;\n}\n#text-2635036573 > * {\n  color: #cf9eac;\n}\n<\/style>\n\t<\/div>\n\t\n<div class=\"social-icons follow-icons dark max-width\" ><a href=\"https:\/\/www.peterlipa.com\/lipa-spieva-amc-trio-cd\/\" data-label=\"RSS Feed\" target=\"_blank\" class=\"icon plain tooltip rss\" title=\"Subscribe to RSS\" aria-label=\"Subscribe to RSS\" rel=\"noopener nofollow\"><i class=\"icon-feed\" aria-hidden=\"true\"><\/i><\/a><a href=\"https:\/\/music.youtube.com\/playlist?list=OLAK5uy_lMhtxUVzp50VIniByKhO8Wcy9QMN8wMRM\" data-label=\"YouTube\" target=\"_blank\" class=\"icon plain tooltip youtube\" title=\"Follow on YouTube\" aria-label=\"Follow on YouTube\" rel=\"noopener nofollow\"><i class=\"icon-youtube\" aria-hidden=\"true\"><\/i><\/a><a href=\"https:\/\/open.spotify.com\/album\/1PqoTcfZQT3fQtiS2S8xO9?si=cV50bcMGRVyjw8NroZ-ZOA&amp;nd=1&amp;dlsi=417c59d245744de3\" data-label=\"Spotify\" target=\"_blank\" class=\"icon plain tooltip spotify tooltip\" title=\"Follow on Spotify\" aria-label=\"Follow on Spotify\" rel=\"noopener nofollow\"><i class=\"fa-brands fa-spotify\"><\/i><\/a><a href=\"https:\/\/music.apple.com\/sk\/album\/lipa-spieva-amc-trio\/1862599263\" data-label=\"Apple Music\" target=\"_blank\" class=\"icon plain tooltip applemusic tooltip\" title=\"Follow on Apple Music\" aria-label=\"Follow on Apple Music\" rel=\"noopener nofollow\"><i class=\"fa-brands fa-apple\"><\/i><\/a><\/div>\n\n\n\t\t\n<style>\n#stack-1165889938 > * {\n  --stack-gap: 1rem;\n}\n<\/style>\n\t<\/div>\n\t\n\n\t\t\t<\/div>\n\t\t<\/div>\n\t<\/div>\n\t\n\n\t\t<\/div>\n\t\t\t\t\t<\/div>\n\n\t\n\n\t<div id=\"col-905874654\" class=\"col medium-6 small-12 large-4\"  >\n\t\t\t\t<div class=\"col-inner\"  >\n\t\t\t\n\t\t\t\n\n\t<div class=\"box has-hover border-radius  has-hover box-text-bottom\" >\n\n\t\t<div class=\"box-image\" >\n\t\t\t<a href=\"https:\/\/www.peterlipa.com\/hudba\/symphony-80\/\">\t\t\t<div class=\"image-cover\" style=\"padding-top:100%;\">\n\t\t\t\t<img decoding=\"async\" width=\"1518\" height=\"1506\" src=\"https:\/\/www.peterlipa.com\/wp-content\/uploads\/Screenshot-2025-01-06-at-19.03.49.png\" class=\"attachment-original size-original\" alt=\"\" srcset=\"https:\/\/www.peterlipa.com\/wp-content\/uploads\/Screenshot-2025-01-06-at-19.03.49.png 1518w, https:\/\/www.peterlipa.com\/wp-content\/uploads\/Screenshot-2025-01-06-at-19.03.49-150x150.png 150w, https:\/\/www.peterlipa.com\/wp-content\/uploads\/Screenshot-2025-01-06-at-19.03.49-256x254.png 256w, https:\/\/www.peterlipa.com\/wp-content\/uploads\/Screenshot-2025-01-06-at-19.03.49-100x100.png 100w\" sizes=\"(max-width: 1518px) 100vw, 1518px\" title=\"\">\t\t\t\t\t\t\t\t\t\t\t<\/div>\n\t\t\t<\/a>\t\t<\/div>\n\n\t\t<div class=\"box-text text-left\" style=\"background-color:rgb(0, 0, 0);padding:1rem 1rem 1rem 1rem;\">\n\t\t\t<div class=\"box-text-inner\">\n\t\t\t\t\n\n\t<div id=\"stack-3687580610\" class=\"stack stack-row justify-between items-center\">\n\t\t\n\n\t<div id=\"text-2095548058\" class=\"text dark\">\n\t\t\n\n<h3><a href=\"https:\/\/www.peterlipa.com\/hudba\/symphony-80\/\">Symphony 80<\/a><\/h3>\n\t\t\n<style>\n#text-2095548058 {\n  font-size: 1rem;\n  color: #cf9eac;\n}\n#text-2095548058 > * {\n  color: #cf9eac;\n}\n<\/style>\n\t<\/div>\n\t\n<div class=\"social-icons follow-icons dark max-width\" ><a href=\"\/peter-lipa-symphony-80\/\" data-label=\"RSS Feed\" target=\"_blank\" class=\"icon plain tooltip rss\" title=\"Subscribe to RSS\" aria-label=\"Subscribe to RSS\" rel=\"noopener nofollow\"><i class=\"icon-feed\" aria-hidden=\"true\"><\/i><\/a><a href=\"https:\/\/music.youtube.com\/playlist?list=OLAK5uy_nEpvK2DAqoXbVyspDgt6cHu-3kXn1ctds&#038;si=3nVc1-M9kqjt1ug1\" data-label=\"YouTube\" target=\"_blank\" class=\"icon plain tooltip youtube\" title=\"Follow on YouTube\" aria-label=\"Follow on YouTube\" rel=\"noopener nofollow\"><i class=\"icon-youtube\" aria-hidden=\"true\"><\/i><\/a><a href=\"https:\/\/open.spotify.com\/album\/0r5QJeIqMNghuxHyAQJD8R?si=gZCBGCzxSaSfNoyBwwV6WA\" data-label=\"Spotify\" target=\"_blank\" class=\"icon plain tooltip spotify tooltip\" title=\"Follow on Spotify\" aria-label=\"Follow on Spotify\" rel=\"noopener nofollow\"><i class=\"fa-brands fa-spotify\"><\/i><\/a><a href=\"https:\/\/music.apple.com\/gb\/album\/peter-lipa-symphony-80\/1794364127\" data-label=\"Apple Music\" target=\"_blank\" class=\"icon plain tooltip applemusic tooltip\" title=\"Follow on Apple Music\" aria-label=\"Follow on Apple Music\" rel=\"noopener nofollow\"><i class=\"fa-brands fa-apple\"><\/i><\/a><\/div>\n\n\n\t\t\n<style>\n#stack-3687580610 > * {\n  --stack-gap: 1rem;\n}\n<\/style>\n\t<\/div>\n\t\n\n\t\t\t<\/div>\n\t\t<\/div>\n\t<\/div>\n\t\n\n\t\t<\/div>\n\t\t\t\t\t<\/div>\n\n\t\n\n\t<div id=\"col-455300805\" class=\"col medium-6 small-12 large-4\"  >\n\t\t\t\t<div class=\"col-inner\"  >\n\t\t\t\n\t\t\t\n\n\t<div class=\"box has-hover border-radius  has-hover box-text-bottom\" >\n\n\t\t<div class=\"box-image\" >\n\t\t\t<a href=\"https:\/\/www.peterlipa.com\/hudba\/nola\/\">\t\t\t<div class=\"image-cover\" style=\"padding-top:100%;\">\n\t\t\t\t<img decoding=\"async\" width=\"1204\" height=\"1220\" src=\"https:\/\/www.peterlipa.com\/wp-content\/uploads\/2-Screen20Shot202023-06-0520at2020.37.17.png\" class=\"attachment-original size-original\" alt=\"\" srcset=\"https:\/\/www.peterlipa.com\/wp-content\/uploads\/2-Screen20Shot202023-06-0520at2020.37.17.png 1204w, https:\/\/www.peterlipa.com\/wp-content\/uploads\/2-Screen20Shot202023-06-0520at2020.37.17-256x259.png 256w, https:\/\/www.peterlipa.com\/wp-content\/uploads\/2-Screen20Shot202023-06-0520at2020.37.17-100x100.png 100w\" sizes=\"(max-width: 1204px) 100vw, 1204px\" title=\"\">\t\t\t\t\t\t\t\t\t\t\t<\/div>\n\t\t\t<\/a>\t\t<\/div>\n\n\t\t<div class=\"box-text text-left\" style=\"background-color:rgb(0, 0, 0);padding:1rem 1rem 1rem 1rem;\">\n\t\t\t<div class=\"box-text-inner\">\n\t\t\t\t\n\n\t<div id=\"stack-4290403397\" class=\"stack stack-row justify-between items-center\">\n\t\t\n\n\t<div id=\"text-3142455913\" class=\"text dark\">\n\t\t\n\n<h3><a href=\"https:\/\/www.peterlipa.com\/hudba\/nola\/\">NOLA<\/a><\/h3>\n\t\t\n<style>\n#text-3142455913 {\n  font-size: 1rem;\n  color: #cf9eac;\n}\n#text-3142455913 > * {\n  color: #cf9eac;\n}\n<\/style>\n\t<\/div>\n\t\n<div class=\"social-icons follow-icons dark max-width\" ><a href=\"\/peter-lipa-nola\/\" data-label=\"RSS Feed\" target=\"_blank\" class=\"icon plain tooltip rss\" title=\"Subscribe to RSS\" aria-label=\"Subscribe to RSS\" rel=\"noopener nofollow\"><i class=\"icon-feed\" aria-hidden=\"true\"><\/i><\/a><a href=\"https:\/\/music.youtube.com\/playlist?list=OLAK5uy_kf4bwnlHGyFsMXTfMcV6Ral2MaXRmagso&#038;si=9P6SNQHTEyVuGH6U\" data-label=\"YouTube\" target=\"_blank\" class=\"icon plain tooltip youtube\" title=\"Follow on YouTube\" aria-label=\"Follow on YouTube\" rel=\"noopener nofollow\"><i class=\"icon-youtube\" aria-hidden=\"true\"><\/i><\/a><a href=\"https:\/\/open.spotify.com\/album\/0tPX1Wq0lWzmwsTrEuHWAb?si=2Qc6Rp71TbuwKLpamvqChQ\" data-label=\"Spotify\" target=\"_blank\" class=\"icon plain tooltip spotify tooltip\" title=\"Follow on Spotify\" aria-label=\"Follow on Spotify\" rel=\"noopener nofollow\"><i class=\"fa-brands fa-spotify\"><\/i><\/a><a href=\"https:\/\/music.apple.com\/us\/album\/nola\/1716521002\" data-label=\"Apple Music\" target=\"_blank\" class=\"icon plain tooltip applemusic tooltip\" title=\"Follow on Apple Music\" aria-label=\"Follow on Apple Music\" rel=\"noopener nofollow\"><i class=\"fa-brands fa-apple\"><\/i><\/a><\/div>\n\n\n\t\t\n<style>\n#stack-4290403397 > * {\n  --stack-gap: 1rem;\n}\n<\/style>\n\t<\/div>\n\t\n\n\t\t\t<\/div>\n\t\t<\/div>\n\t<\/div>\n\t\n\n\t\t<\/div>\n\t\t\t\t\t<\/div>\n\n\t\n\n\t<div id=\"col-2119636968\" class=\"col medium-6 small-12 large-4\"  >\n\t\t\t\t<div class=\"col-inner\"  >\n\t\t\t\n\t\t\t\n\n\t<div class=\"box has-hover border-radius  has-hover box-text-bottom\" >\n\n\t\t<div class=\"box-image\" >\n\t\t\t<a href=\"https:\/\/www.peterlipa.com\/hudba\/vecerny-host\/\">\t\t\t<div class=\"image-cover\" style=\"padding-top:100%;\">\n\t\t\t\t<img decoding=\"async\" width=\"792\" height=\"776\" src=\"https:\/\/www.peterlipa.com\/wp-content\/uploads\/Vecerny-host-Peter-Lipa-2020_hudba.jpg\" class=\"attachment-original size-original\" alt=\"\" srcset=\"https:\/\/www.peterlipa.com\/wp-content\/uploads\/Vecerny-host-Peter-Lipa-2020_hudba.jpg 792w, https:\/\/www.peterlipa.com\/wp-content\/uploads\/Vecerny-host-Peter-Lipa-2020_hudba-256x251.jpg 256w\" sizes=\"(max-width: 792px) 100vw, 792px\" title=\"\">\t\t\t\t\t\t\t\t\t\t\t<\/div>\n\t\t\t<\/a>\t\t<\/div>\n\n\t\t<div class=\"box-text text-left\" style=\"background-color:rgb(0, 0, 0);padding:1rem 1rem 1rem 1rem;\">\n\t\t\t<div class=\"box-text-inner\">\n\t\t\t\t\n\n\t<div id=\"stack-266089492\" class=\"stack stack-row justify-between items-center\">\n\t\t\n\n\t<div id=\"text-2821420373\" class=\"text dark\">\n\t\t\n\n<h3><a href=\"https:\/\/www.peterlipa.com\/hudba\/vecerny-host\/\">Ve\u010dern\u00fd hos\u0165<\/a><\/h3>\n\t\t\n<style>\n#text-2821420373 {\n  font-size: 1rem;\n  color: #cf9eac;\n}\n#text-2821420373 > * {\n  color: #cf9eac;\n}\n<\/style>\n\t<\/div>\n\t\n<div class=\"social-icons follow-icons dark max-width\" ><a href=\"https:\/\/www.peterlipa.com\/vecerny-host-cd\/\" data-label=\"RSS Feed\" target=\"_blank\" class=\"icon plain tooltip rss\" title=\"Subscribe to RSS\" aria-label=\"Subscribe to RSS\" rel=\"noopener nofollow\"><i class=\"icon-feed\" aria-hidden=\"true\"><\/i><\/a><a href=\"https:\/\/open.spotify.com\/album\/4LwAU1l5KByWQnDFZygPRV\" data-label=\"Spotify\" target=\"_blank\" class=\"icon plain tooltip spotify tooltip\" title=\"Follow on Spotify\" aria-label=\"Follow on Spotify\" rel=\"noopener nofollow\"><i class=\"fa-brands fa-spotify\"><\/i><\/a><\/div>\n\n\n\t\t\n<style>\n#stack-266089492 > * {\n  --stack-gap: 1rem;\n}\n<\/style>\n\t<\/div>\n\t\n\n\t\t\t<\/div>\n\t\t<\/div>\n\t<\/div>\n\t\n\n\t\t<\/div>\n\t\t\t\t\t<\/div>\n\n\t\n\n\t<div id=\"col-1826714521\" class=\"col medium-6 small-12 large-4\"  >\n\t\t\t\t<div class=\"col-inner\"  >\n\t\t\t\n\t\t\t\n\n\t<div class=\"box has-hover border-radius  has-hover box-text-bottom\" >\n\n\t\t<div class=\"box-image\" >\n\t\t\t<a href=\"https:\/\/www.peterlipa.com\/hudba\/dobre-meno\/\">\t\t\t<div class=\"image-cover\" style=\"padding-top:100%;\">\n\t\t\t\t<img decoding=\"async\" width=\"1433\" height=\"1377\" src=\"https:\/\/www.peterlipa.com\/wp-content\/uploads\/Dobre-meno-Peter-Lipa-2019_hudba.jpg\" class=\"attachment-original size-original\" alt=\"\" srcset=\"https:\/\/www.peterlipa.com\/wp-content\/uploads\/Dobre-meno-Peter-Lipa-2019_hudba.jpg 1433w, https:\/\/www.peterlipa.com\/wp-content\/uploads\/Dobre-meno-Peter-Lipa-2019_hudba-256x246.jpg 256w\" sizes=\"(max-width: 1433px) 100vw, 1433px\" title=\"\">\t\t\t\t\t\t\t\t\t\t\t<\/div>\n\t\t\t<\/a>\t\t<\/div>\n\n\t\t<div class=\"box-text text-left\" style=\"background-color:rgb(0, 0, 0);padding:1rem 1rem 1rem 1rem;\">\n\t\t\t<div class=\"box-text-inner\">\n\t\t\t\t\n\n\t<div id=\"stack-952139874\" class=\"stack stack-row justify-between items-center\">\n\t\t\n\n\t<div id=\"text-3114748614\" class=\"text dark\">\n\t\t\n\n<h3><a href=\"https:\/\/www.peterlipa.com\/hudba\/dobre-meno\/\">Dobr\u00e9 meno<\/a><\/h3>\n\t\t\n<style>\n#text-3114748614 {\n  font-size: 1rem;\n  color: #cf9eac;\n}\n#text-3114748614 > * {\n  color: #cf9eac;\n}\n<\/style>\n\t<\/div>\n\t\n<div class=\"social-icons follow-icons dark max-width\" ><a href=\"https:\/\/www.peterlipa.com\/dobre-meno-cd\/\" data-label=\"RSS Feed\" target=\"_blank\" class=\"icon plain tooltip rss\" title=\"Subscribe to RSS\" aria-label=\"Subscribe to RSS\" rel=\"noopener nofollow\"><i class=\"icon-feed\" aria-hidden=\"true\"><\/i><\/a><a href=\"https:\/\/music.youtube.com\/watch?v=1-vz4GWnr8Y\" data-label=\"YouTube\" target=\"_blank\" class=\"icon plain tooltip youtube\" title=\"Follow on YouTube\" aria-label=\"Follow on YouTube\" rel=\"noopener nofollow\"><i class=\"icon-youtube\" aria-hidden=\"true\"><\/i><\/a><a href=\"https:\/\/open.spotify.com\/album\/4hQkRTRSNPfwGfzTqMHoar?si=cXDes_m1TEO_VioE3d9w_Q&amp;nd=1&amp;dlsi=d7d7349a04c5433f\" data-label=\"Spotify\" target=\"_blank\" class=\"icon plain tooltip spotify tooltip\" title=\"Follow on Spotify\" aria-label=\"Follow on Spotify\" rel=\"noopener nofollow\"><i class=\"fa-brands fa-spotify\"><\/i><\/a><a href=\"https:\/\/music.apple.com\/us\/album\/dobr%C3%A9-meno\/1750936388\" data-label=\"Apple Music\" target=\"_blank\" class=\"icon plain tooltip applemusic tooltip\" title=\"Follow on Apple Music\" aria-label=\"Follow on Apple Music\" rel=\"noopener nofollow\"><i class=\"fa-brands fa-apple\"><\/i><\/a><\/div>\n\n\n\t\t\n<style>\n#stack-952139874 > * {\n  --stack-gap: 1rem;\n}\n<\/style>\n\t<\/div>\n\t\n\n\t\t\t<\/div>\n\t\t<\/div>\n\t<\/div>\n\t\n\n\t\t<\/div>\n\t\t\t\t\t<\/div>\n\n\t\n\n\t<div id=\"col-312617856\" class=\"col medium-6 small-12 large-4\"  >\n\t\t\t\t<div class=\"col-inner\"  >\n\t\t\t\n\t\t\t\n\n\t<div class=\"box has-hover border-radius  has-hover box-text-bottom\" >\n\n\t\t<div class=\"box-image\" >\n\t\t\t<a href=\"https:\/\/www.peterlipa.com\/hudba\/podobnost-cisto-nahodna\/\">\t\t\t<div class=\"image-cover\" style=\"padding-top:100%;\">\n\t\t\t\t<img decoding=\"async\" width=\"422\" height=\"422\" src=\"https:\/\/www.peterlipa.com\/wp-content\/uploads\/Podobnost-cisto-nahodna-Peter-Lipa-2018_hudba.jpg\" class=\"attachment-original size-original\" alt=\"\" srcset=\"https:\/\/www.peterlipa.com\/wp-content\/uploads\/Podobnost-cisto-nahodna-Peter-Lipa-2018_hudba.jpg 422w, https:\/\/www.peterlipa.com\/wp-content\/uploads\/Podobnost-cisto-nahodna-Peter-Lipa-2018_hudba-150x150.jpg 150w, https:\/\/www.peterlipa.com\/wp-content\/uploads\/Podobnost-cisto-nahodna-Peter-Lipa-2018_hudba-256x256.jpg 256w, https:\/\/www.peterlipa.com\/wp-content\/uploads\/Podobnost-cisto-nahodna-Peter-Lipa-2018_hudba-100x100.jpg 100w\" sizes=\"(max-width: 422px) 100vw, 422px\" title=\"\">\t\t\t\t\t\t\t\t\t\t\t<\/div>\n\t\t\t<\/a>\t\t<\/div>\n\n\t\t<div class=\"box-text text-left\" style=\"background-color:rgb(0, 0, 0);padding:1rem 1rem 1rem 1rem;\">\n\t\t\t<div class=\"box-text-inner\">\n\t\t\t\t\n\n\t<div id=\"stack-3910552197\" class=\"stack stack-row justify-between items-center\">\n\t\t\n\n\t<div id=\"text-2198088196\" class=\"text dark\">\n\t\t\n\n<h3><a href=\"https:\/\/www.peterlipa.com\/hudba\/podobnost-cisto-nahodna\/\">Podobnos\u0165 \u010disto n\u00e1hodn\u00e1<\/a><\/h3>\n\t\t\n<style>\n#text-2198088196 {\n  font-size: 1rem;\n  color: #cf9eac;\n}\n#text-2198088196 > * {\n  color: #cf9eac;\n}\n<\/style>\n\t<\/div>\n\t\n<div class=\"social-icons follow-icons dark max-width\" ><a href=\"https:\/\/www.peterlipa.com\/hudba\/podobnost-cisto-nahodna\/\" data-label=\"RSS Feed\" target=\"_blank\" class=\"icon plain tooltip rss\" title=\"Subscribe to RSS\" aria-label=\"Subscribe to RSS\" rel=\"noopener nofollow\"><i class=\"icon-feed\" aria-hidden=\"true\"><\/i><\/a><a href=\"https:\/\/open.spotify.com\/album\/64tiIsu63dAuM7HFS01qM8\" data-label=\"Spotify\" target=\"_blank\" class=\"icon plain tooltip spotify tooltip\" title=\"Follow on Spotify\" aria-label=\"Follow on Spotify\" rel=\"noopener nofollow\"><i class=\"fa-brands fa-spotify\"><\/i><\/a><\/div>\n\n\n\t\t\n<style>\n#stack-3910552197 > * {\n  --stack-gap: 1rem;\n}\n<\/style>\n\t<\/div>\n\t\n\n\t\t\t<\/div>\n\t\t<\/div>\n\t<\/div>\n\t\n\n\t\t<\/div>\n\t\t\t\t\t<\/div>\n\n\t\n\n\t<div id=\"col-139909467\" class=\"col medium-6 small-12 large-4\"  >\n\t\t\t\t<div class=\"col-inner\"  >\n\t\t\t\n\t\t\t\n\n\t<div class=\"box has-hover border-radius  has-hover box-text-bottom\" >\n\n\t\t<div class=\"box-image\" >\n\t\t\t<a href=\"https:\/\/www.peterlipa.com\/hudba\/navsteva-po-rokoch\/\">\t\t\t<div class=\"image-cover\" style=\"padding-top:100%;\">\n\t\t\t\t<img decoding=\"async\" width=\"1028\" height=\"1010\" src=\"https:\/\/www.peterlipa.com\/wp-content\/uploads\/navsteva_po_rokoch_d69aac3ad20234ea@2x.jpg\" class=\"attachment-original size-original\" alt=\"\" srcset=\"https:\/\/www.peterlipa.com\/wp-content\/uploads\/navsteva_po_rokoch_d69aac3ad20234ea@2x.jpg 1028w, https:\/\/www.peterlipa.com\/wp-content\/uploads\/navsteva_po_rokoch_d69aac3ad20234ea@2x-256x252.jpg 256w\" sizes=\"(max-width: 1028px) 100vw, 1028px\" title=\"\">\t\t\t\t\t\t\t\t\t\t\t<\/div>\n\t\t\t<\/a>\t\t<\/div>\n\n\t\t<div class=\"box-text text-left\" style=\"background-color:rgb(0, 0, 0);padding:1rem 1rem 1rem 1rem;\">\n\t\t\t<div class=\"box-text-inner\">\n\t\t\t\t\n\n\t<div id=\"stack-1546607796\" class=\"stack stack-row justify-between items-center\">\n\t\t\n\n\t<div id=\"text-131858776\" class=\"text dark\">\n\t\t\n\n<h3><a href=\"https:\/\/www.peterlipa.com\/hudba\/navsteva-po-rokoch\/\">N\u00e1v\u0161teva po rokoch<\/a><\/h3>\n\t\t\n<style>\n#text-131858776 {\n  font-size: 1rem;\n  color: #cf9eac;\n}\n#text-131858776 > * {\n  color: #cf9eac;\n}\n<\/style>\n\t<\/div>\n\t\n<div class=\"social-icons follow-icons dark max-width\" ><a href=\"https:\/\/www.peterlipa.com\/navsteva-po-rokoch-cd\/\" data-label=\"RSS Feed\" target=\"_blank\" class=\"icon plain tooltip rss\" title=\"Subscribe to RSS\" aria-label=\"Subscribe to RSS\" rel=\"noopener nofollow\"><i class=\"icon-feed\" aria-hidden=\"true\"><\/i><\/a><a href=\"https:\/\/music.youtube.com\/playlist?list=OLAK5uy_nkcSC5ty8rp_wjqFwGrWrlP5zB9-P8F58&#038;si=bKU6ykvVkSiohQ2L\" data-label=\"YouTube\" target=\"_blank\" class=\"icon plain tooltip youtube\" title=\"Follow on YouTube\" aria-label=\"Follow on YouTube\" rel=\"noopener nofollow\"><i class=\"icon-youtube\" aria-hidden=\"true\"><\/i><\/a><a href=\"https:\/\/open.spotify.com\/album\/6hU9yTph0DJWLQaFtNsYsa?si=_7bMlp0cRn2ZtKe5PSvX4g\" data-label=\"Spotify\" target=\"_blank\" class=\"icon plain tooltip spotify tooltip\" title=\"Follow on Spotify\" aria-label=\"Follow on Spotify\" rel=\"noopener nofollow\"><i class=\"fa-brands fa-spotify\"><\/i><\/a><a href=\"https:\/\/music.apple.com\/us\/album\/n%C3%A1v%C5%A1teva-po-rokoch\/1643949350\" data-label=\"Apple Music\" target=\"_blank\" class=\"icon plain tooltip applemusic tooltip\" title=\"Follow on Apple Music\" aria-label=\"Follow on Apple Music\" rel=\"noopener nofollow\"><i class=\"fa-brands fa-apple\"><\/i><\/a><\/div>\n\n\n\t\t\n<style>\n#stack-1546607796 > * {\n  --stack-gap: 1rem;\n}\n<\/style>\n\t<\/div>\n\t\n\n\t\t\t<\/div>\n\t\t<\/div>\n\t<\/div>\n\t\n\n\t\t<\/div>\n\t\t\t\t\t<\/div>\n\n\t\n\n\t<div id=\"col-111964236\" class=\"col medium-6 small-12 large-4\"  >\n\t\t\t\t<div class=\"col-inner\"  >\n\t\t\t\n\t\t\t\n\n\t<div class=\"box has-hover border-radius  has-hover box-text-bottom\" >\n\n\t\t<div class=\"box-image\" >\n\t\t\t<a href=\"https:\/\/www.peterlipa.com\/hudba\/lipa-spieva-lasicu\/\">\t\t\t<div class=\"image-cover\" style=\"padding-top:100%;\">\n\t\t\t\t<img decoding=\"async\" width=\"400\" height=\"399\" src=\"https:\/\/www.peterlipa.com\/wp-content\/uploads\/lipa-spieva-lasicu-cd.png\" class=\"attachment-original size-original\" alt=\"\" srcset=\"https:\/\/www.peterlipa.com\/wp-content\/uploads\/lipa-spieva-lasicu-cd.png 400w, https:\/\/www.peterlipa.com\/wp-content\/uploads\/lipa-spieva-lasicu-cd-150x150.png 150w, https:\/\/www.peterlipa.com\/wp-content\/uploads\/lipa-spieva-lasicu-cd-256x255.png 256w, https:\/\/www.peterlipa.com\/wp-content\/uploads\/lipa-spieva-lasicu-cd-100x100.png 100w\" sizes=\"(max-width: 400px) 100vw, 400px\" title=\"\">\t\t\t\t\t\t\t\t\t\t\t<\/div>\n\t\t\t<\/a>\t\t<\/div>\n\n\t\t<div class=\"box-text text-left\" style=\"background-color:rgb(0, 0, 0);padding:1rem 1rem 1rem 1rem;\">\n\t\t\t<div class=\"box-text-inner\">\n\t\t\t\t\n\n\t<div id=\"stack-82578431\" class=\"stack stack-row justify-between items-center\">\n\t\t\n\n\t<div id=\"text-2043713919\" class=\"text dark\">\n\t\t\n\n<h3>Lipa spieva Lasicu<\/h3>\n\t\t\n<style>\n#text-2043713919 {\n  font-size: 1rem;\n  color: #cf9eac;\n}\n#text-2043713919 > * {\n  color: #cf9eac;\n}\n<\/style>\n\t<\/div>\n\t\n<div class=\"social-icons follow-icons dark max-width\" ><a href=\"https:\/\/www.peterlipa.com\/cd-lipa-spieva-lasicu\/\" data-label=\"RSS Feed\" target=\"_blank\" class=\"icon plain tooltip rss\" title=\"Subscribe to RSS\" aria-label=\"Subscribe to RSS\" rel=\"noopener nofollow\"><i class=\"icon-feed\" aria-hidden=\"true\"><\/i><\/a><a href=\"https:\/\/music.youtube.com\/playlist?list=OLAK5uy_lOn4FG9-rRWxlJewCmelqgk13JMJ5RNPg&#038;si=TzmDM5IWJgxuR6yV\" data-label=\"YouTube\" target=\"_blank\" class=\"icon plain tooltip youtube\" title=\"Follow on YouTube\" aria-label=\"Follow on YouTube\" rel=\"noopener nofollow\"><i class=\"icon-youtube\" aria-hidden=\"true\"><\/i><\/a><a href=\"https:\/\/open.spotify.com\/album\/3ShG8kJr7KxeV36GMsGu9t?si=3MeZLy3TQwuRyvz5Cx2LLw\" data-label=\"Spotify\" target=\"_blank\" class=\"icon plain tooltip spotify tooltip\" title=\"Follow on Spotify\" aria-label=\"Follow on Spotify\" rel=\"noopener nofollow\"><i class=\"fa-brands fa-spotify\"><\/i><\/a><a href=\"https:\/\/music.apple.com\/sk\/album\/lipa-spieva-lasicu\/1624964446\" data-label=\"Apple Music\" target=\"_blank\" class=\"icon plain tooltip applemusic tooltip\" title=\"Follow on Apple Music\" aria-label=\"Follow on Apple Music\" rel=\"noopener nofollow\"><i class=\"fa-brands fa-apple\"><\/i><\/a><\/div>\n\n\n\t\t\n<style>\n#stack-82578431 > * {\n  --stack-gap: 1rem;\n}\n<\/style>\n\t<\/div>\n\t\n\n\t\t\t<\/div>\n\t\t<\/div>\n\t<\/div>\n\t\n\n\t\t<\/div>\n\t\t\t\t\t<\/div>\n\n\t\n\n<\/div>\n\n\t\t<\/div>\n\n\t\t\n<style>\n#section_191415001 {\n  padding-top: 30px;\n  padding-bottom: 30px;\n}\n<\/style>\n\t<\/section>\n\t\n\n","protected":false},"excerpt":{"rendered":"","protected":false},"author":1,"featured_media":761,"parent":0,"menu_order":0,"comment_status":"closed","ping_status":"closed","template":"","meta":{"_acf_changed":false,"footnotes":""},"class_list":["post-1902","page","type-page","status-publish","has-post-thumbnail","hentry"],"acf":[],"_links":{"self":[{"href":"https:\/\/www.peterlipa.com\/en\/wp-json\/wp\/v2\/pages\/1902","targetHints":{"allow":["GET"]}}],"collection":[{"href":"https:\/\/www.peterlipa.com\/en\/wp-json\/wp\/v2\/pages"}],"about":[{"href":"https:\/\/www.peterlipa.com\/en\/wp-json\/wp\/v2\/types\/page"}],"author":[{"embeddable":true,"href":"https:\/\/www.peterlipa.com\/en\/wp-json\/wp\/v2\/users\/1"}],"replies":[{"embeddable":true,"href":"https:\/\/www.peterlipa.com\/en\/wp-json\/wp\/v2\/comments?post=1902"}],"version-history":[{"count":0,"href":"https:\/\/www.peterlipa.com\/en\/wp-json\/wp\/v2\/pages\/1902\/revisions"}],"wp:featuredmedia":[{"embeddable":true,"href":"https:\/\/www.peterlipa.com\/en\/wp-json\/wp\/v2\/media\/761"}],"wp:attachment":[{"href":"https:\/\/www.peterlipa.com\/en\/wp-json\/wp\/v2\/media?parent=1902"}],"curies":[{"name":"wp","href":"https:\/\/api.w.org\/{rel}","templated":true}]}}