{"id":1714,"date":"2025-12-02T18:20:36","date_gmt":"2025-12-02T17:20:36","guid":{"rendered":"https:\/\/www.peterlipa.com\/?post_type=product&#038;p=1714"},"modified":"2025-12-21T13:46:13","modified_gmt":"2025-12-21T12:46:13","slug":"lipa-spieva-amc-trio-cd","status":"publish","type":"product","link":"https:\/\/www.peterlipa.com\/en\/lipa-spieva-amc-trio-cd\/","title":{"rendered":"Lipa spieva AMC Trio"},"content":{"rendered":"<p>Peter Lipa spieva autorsk\u00e9 piesne AMC tria s textami Jana \u0160trassera, Ruda Rusi\u0148\u00e1ka, Jonathana Grestkyho.<br \/>\nAlbum vy\u0161iel 16. decembra 2025.<\/p>\n","protected":false},"excerpt":{"rendered":"<p><strong>Tracklist:<br \/>\n<\/strong><\/p>\n<ol>\n<li>Svet nie je raj (03:09)<\/li>\n<li>M\u00fadry \u010das (02:50)<\/li>\n<li>L\u00e1ska je spr\u00e1vne rie\u0161enie (03:37)<\/li>\n<li>S jedlom rastie chu\u0165 (04:19)<\/li>\n<li>Because of Your Sad Eyes (04:20)<\/li>\n<li>Nespo\u013eahliv\u00fd anjel str\u00e1\u017eny (03:56)<\/li>\n<li>Please Don&#8217;t Explain (03:31)<\/li>\n<li>Bros &amp; Sisters (03:07)<\/li>\n<\/ol>\n","protected":false},"featured_media":1715,"comment_status":"closed","ping_status":"closed","template":"","meta":{"_acf_changed":false},"product_brand":[],"product_cat":[31],"product_tag":[],"class_list":{"0":"post-1714","1":"product","2":"type-product","3":"status-publish","4":"has-post-thumbnail","6":"product_cat-cd","7":"product_shipping_class-doprava-cd","9":"first","10":"instock","11":"featured","12":"taxable","13":"shipping-taxable","14":"purchasable","15":"product-type-simple"},"acf":[],"_links":{"self":[{"href":"https:\/\/www.peterlipa.com\/en\/wp-json\/wp\/v2\/product\/1714","targetHints":{"allow":["GET"]}}],"collection":[{"href":"https:\/\/www.peterlipa.com\/en\/wp-json\/wp\/v2\/product"}],"about":[{"href":"https:\/\/www.peterlipa.com\/en\/wp-json\/wp\/v2\/types\/product"}],"replies":[{"embeddable":true,"href":"https:\/\/www.peterlipa.com\/en\/wp-json\/wp\/v2\/comments?post=1714"}],"wp:featuredmedia":[{"embeddable":true,"href":"https:\/\/www.peterlipa.com\/en\/wp-json\/wp\/v2\/media\/1715"}],"wp:attachment":[{"href":"https:\/\/www.peterlipa.com\/en\/wp-json\/wp\/v2\/media?parent=1714"}],"wp:term":[{"taxonomy":"product_brand","embeddable":true,"href":"https:\/\/www.peterlipa.com\/en\/wp-json\/wp\/v2\/product_brand?post=1714"},{"taxonomy":"product_cat","embeddable":true,"href":"https:\/\/www.peterlipa.com\/en\/wp-json\/wp\/v2\/product_cat?post=1714"},{"taxonomy":"product_tag","embeddable":true,"href":"https:\/\/www.peterlipa.com\/en\/wp-json\/wp\/v2\/product_tag?post=1714"}],"curies":[{"name":"wp","href":"https:\/\/api.w.org\/{rel}","templated":true}]}}