{"id":444,"date":"2025-05-27T15:06:52","date_gmt":"2025-05-27T13:06:52","guid":{"rendered":"https:\/\/dev.peterlipa.com\/?post_type=product&#038;p=444"},"modified":"2025-07-02T17:01:31","modified_gmt":"2025-07-02T15:01:31","slug":"nola-cd","status":"publish","type":"product","link":"https:\/\/www.peterlipa.com\/en\/nola-cd\/","title":{"rendered":"NOLA"},"content":{"rendered":"<p><strong>Tracklist:<\/strong><\/p>\n<p>1. Bl\u00ed\u017eenec (03:19)<br \/>\n2. Dobehn\u00fa\u0165 \u010das (03:29)<br \/>\n3. U\u017eito\u010dn\u00fd (03:50)<br \/>\n4. Niekde som \u010d\u00edtal (04:22)<br \/>\n5. \u010cosi (02:59)<br \/>\n6. 4 kone v NOLA (05:04)<br \/>\n7. Gemini (03:41)<br \/>\n8. Sing It (05:06)<br \/>\n9. Burning Fever (05:17)<br \/>\n10. Somewhere I Read (04:49)<br \/>\n11. In My Mind (03:44)<\/p>\n<p>\u2117 East-West Promotion s.r.o. 2023<br \/>\n\u00a9 East-West Promotion s.r.o. 2023<\/p>\n","protected":false},"excerpt":{"rendered":"<p>\u010clovek si sadne do kresla, d\u00e1 si dobr\u00fd n\u00e1poj a pust\u00ed si nov\u00fd album Petra Lipu. NOLA, ako slangovo naz\u00fdvaj\u00fa hudobn\u00edci americk\u00e9 New Orleans v\u00e1s vezme do z\u00e1kut\u00ed spev\u00e1kovej tvorby, ktor\u00e9 m\u00e1te radi. Ale pri tejto platni je predsa len nie\u010do in\u00e9. Spirit albumu Peter Lipa nahral nov\u00fd album v New Orleans. NOLA obsahuje p\u00e4\u0165 slovensk\u00fdch skladieb a p\u00e4\u0165 ich anglick\u00fdch verzi\u00ed. Bonusom je nov\u00e1 verzia 4 KONE v NOLA . Album Nola nie je len o pesni\u010dk\u00e1ch, je to album s pr\u00edbehom.<\/p>\n","protected":false},"featured_media":456,"comment_status":"closed","ping_status":"closed","template":"","meta":{"_acf_changed":false},"product_brand":[],"product_cat":[31],"product_tag":[],"class_list":{"0":"post-444","1":"product","2":"type-product","3":"status-publish","4":"has-post-thumbnail","6":"product_cat-cd","7":"product_shipping_class-doprava-cd","9":"first","10":"instock","11":"taxable","12":"shipping-taxable","13":"purchasable","14":"product-type-simple"},"acf":[],"_links":{"self":[{"href":"https:\/\/www.peterlipa.com\/en\/wp-json\/wp\/v2\/product\/444","targetHints":{"allow":["GET"]}}],"collection":[{"href":"https:\/\/www.peterlipa.com\/en\/wp-json\/wp\/v2\/product"}],"about":[{"href":"https:\/\/www.peterlipa.com\/en\/wp-json\/wp\/v2\/types\/product"}],"replies":[{"embeddable":true,"href":"https:\/\/www.peterlipa.com\/en\/wp-json\/wp\/v2\/comments?post=444"}],"wp:featuredmedia":[{"embeddable":true,"href":"https:\/\/www.peterlipa.com\/en\/wp-json\/wp\/v2\/media\/456"}],"wp:attachment":[{"href":"https:\/\/www.peterlipa.com\/en\/wp-json\/wp\/v2\/media?parent=444"}],"wp:term":[{"taxonomy":"product_brand","embeddable":true,"href":"https:\/\/www.peterlipa.com\/en\/wp-json\/wp\/v2\/product_brand?post=444"},{"taxonomy":"product_cat","embeddable":true,"href":"https:\/\/www.peterlipa.com\/en\/wp-json\/wp\/v2\/product_cat?post=444"},{"taxonomy":"product_tag","embeddable":true,"href":"https:\/\/www.peterlipa.com\/en\/wp-json\/wp\/v2\/product_tag?post=444"}],"curies":[{"name":"wp","href":"https:\/\/api.w.org\/{rel}","templated":true}]}}