{"id":445,"date":"2025-05-27T15:06:52","date_gmt":"2025-05-27T13:06:52","guid":{"rendered":"https:\/\/dev.peterlipa.com\/?post_type=product&#038;p=445"},"modified":"2025-07-02T17:00:40","modified_gmt":"2025-07-02T15:00:40","slug":"peter-lipa-symphony-80-cd","status":"publish","type":"product","link":"https:\/\/www.peterlipa.com\/en\/peter-lipa-symphony-80-cd\/","title":{"rendered":"Peter Lipa Symphony 80"},"content":{"rendered":"<p><b>Tracklist:<\/b><\/p>\n<p>1. P\u00e1ni v najlep\u0161\u00edch rokoch (03:51)<br \/>\n2. N\u00e1v\u0161teva po rokoch (03:25)<br \/>\n3. Ne\u00faprosn\u00e9 r\u00e1no &amp; Pracovn\u00e1 (06:00)<br \/>\n4. Podobnos\u0165 \u010disto n\u00e1hodn\u00e1 (03:51)<br \/>\n5. Prosperita (06:43)<br \/>\n6. Mu\u017e \u010dinu (03:42)<br \/>\n7. Georgia on My Mind (05:08)<br \/>\n<span style=\"font-size: 14.4px;\">8. T\u00ed\u0161ko a kradmo (06:15)<br \/>\n<\/span>9. Balada o \u0161tyroch ko\u0148och (05:18)<br \/>\n10. Because of Your Sad Eyes (05:25)<br \/>\n11. S\u0165ahovav\u00ed vt\u00e1ci (05:28)<br \/>\n12. Caracas (05:29)<br \/>\n13. Maturantky (04:08)<\/p>\n<p>Nahr\u00e1vka: 28.7.2023 na festivale Viva Musica v Koncertnom \u0161t\u00fadiu Slovensk\u00e9ho rozhlasu<\/p>\n<p>Design albumu a grafick\u00e1 \u00faprava Marek Ormand\u00edk.<br \/>\nProdukcia: Peter Lipa<br \/>\nSOZA BIEM<br \/>\n\u2117 STVR, Slovensk\u00e1 telev\u00edzia a rozhlas, Viva Musica<br \/>\n\u00a9 East-West Promotion s.r.o. 2024<\/p>\n","protected":false},"excerpt":{"rendered":"<p>Kr\u00e1\u013e slovensk\u00e9ho d\u017eezu Peter Lipa vyd\u00e1va nov\u00e9 CD \u201ePeter Lipa Symphony 80\u201c. Peter Lipa aj s trochou nostalgie prin\u00e1\u0161a svojou tvorbou skladby, ktor\u00e9 sa dobre po\u010d\u00favaj\u00fa. Jeho interpreta\u010dn\u00fd prejav v\u0165ahuje div\u00e1kov do atmosf\u00e9ry skladieb a t\u00ed oce\u0148uj\u00fa ich autenticitu. Intuit\u00edvne prij\u00edmaj\u00fa jeho pravdu v ka\u017edom jeho slove a v ka\u017edej note. Nov\u00fdm albumom op\u00e4\u0165 potvrdzuje, \u017ee kvalitn\u00e1 hudba v\u017edy oslov\u00ed a \u017ee slovensk\u00fd d\u017eez kvalitn\u00fd je.<\/p>\n<p>&nbsp;<\/p>\n","protected":false},"featured_media":457,"comment_status":"closed","ping_status":"closed","template":"","meta":{"_acf_changed":false},"product_brand":[],"product_cat":[31],"product_tag":[],"class_list":{"0":"post-445","1":"product","2":"type-product","3":"status-publish","4":"has-post-thumbnail","6":"product_cat-cd","7":"product_shipping_class-doprava-cd","9":"first","10":"instock","11":"taxable","12":"shipping-taxable","13":"purchasable","14":"product-type-simple"},"acf":[],"_links":{"self":[{"href":"https:\/\/www.peterlipa.com\/en\/wp-json\/wp\/v2\/product\/445","targetHints":{"allow":["GET"]}}],"collection":[{"href":"https:\/\/www.peterlipa.com\/en\/wp-json\/wp\/v2\/product"}],"about":[{"href":"https:\/\/www.peterlipa.com\/en\/wp-json\/wp\/v2\/types\/product"}],"replies":[{"embeddable":true,"href":"https:\/\/www.peterlipa.com\/en\/wp-json\/wp\/v2\/comments?post=445"}],"wp:featuredmedia":[{"embeddable":true,"href":"https:\/\/www.peterlipa.com\/en\/wp-json\/wp\/v2\/media\/457"}],"wp:attachment":[{"href":"https:\/\/www.peterlipa.com\/en\/wp-json\/wp\/v2\/media?parent=445"}],"wp:term":[{"taxonomy":"product_brand","embeddable":true,"href":"https:\/\/www.peterlipa.com\/en\/wp-json\/wp\/v2\/product_brand?post=445"},{"taxonomy":"product_cat","embeddable":true,"href":"https:\/\/www.peterlipa.com\/en\/wp-json\/wp\/v2\/product_cat?post=445"},{"taxonomy":"product_tag","embeddable":true,"href":"https:\/\/www.peterlipa.com\/en\/wp-json\/wp\/v2\/product_tag?post=445"}],"curies":[{"name":"wp","href":"https:\/\/api.w.org\/{rel}","templated":true}]}}