{"id":447,"date":"2025-05-27T15:06:52","date_gmt":"2025-05-27T13:06:52","guid":{"rendered":"https:\/\/dev.peterlipa.com\/?post_type=product&#038;p=447"},"modified":"2025-08-03T12:01:15","modified_gmt":"2025-08-03T10:01:15","slug":"navsteva-po-rokoch-cd","status":"publish","type":"product","link":"https:\/\/www.peterlipa.com\/en\/navsteva-po-rokoch-cd\/","title":{"rendered":"N\u00e1v\u0161teva po rokoch"},"content":{"rendered":"<p><b>Tracklist<\/b><\/p>\n<p>1. N\u00e1v\u0161teva po rokoch<br \/>\n2. Sm\u00fatok<br \/>\n3. \u010caro kaviarn\u00ed<br \/>\n4. N\u00e1dej<br \/>\n5. Ve\u010dera vo vani<br \/>\n6. T\u00fa\u017eba<br \/>\n7. \u017divot<br \/>\n8. Mimozem\u0161\u0165an<br \/>\n9. Hlava pln\u00e1 snov<br \/>\n10. Nen\u00fa\u0165 ma<br \/>\n11. Rozum<br \/>\n12. Za tich\u00fdch letn\u00fdch ve\u010derov<br \/>\n13. Mu\u017e \u010dinu<br \/>\n14. Nula<\/p>\n<p>\u2117 East-West Promotion s.r.o. 2013<br \/>\n\u00a9 East-West Promotion s.r.o. 2013<\/p>\n","protected":false},"excerpt":{"rendered":"<p>Osem rokov po vydan\u00ed \u00faspe\u0161n\u00e9ho CD Lipa spieva Lasicu, kor\u00e9ho sa na \u010desko-slovenskom trhu predalo viac ako 16-tis\u00edc kusov, vych\u00e1dza nov\u00fd album tejto autorskej dvojice. Milan Lasica \u0161peci\u00e1lne pre album N\u00e1v\u0161teva po rokoch nap\u00edsal 14 textov o l\u00e1ske, vz\u0165ahoch, politike, ale aj erotike \u010di \u017eivote&#8230;<\/p>\n<p>&nbsp;<\/p>\n","protected":false},"featured_media":458,"comment_status":"closed","ping_status":"closed","template":"","meta":{"_acf_changed":false},"product_brand":[],"product_cat":[31],"product_tag":[],"class_list":{"0":"post-447","1":"product","2":"type-product","3":"status-publish","4":"has-post-thumbnail","6":"product_cat-cd","7":"product_shipping_class-doprava-cd","9":"first","10":"instock","11":"taxable","12":"shipping-taxable","13":"purchasable","14":"product-type-simple"},"acf":[],"_links":{"self":[{"href":"https:\/\/www.peterlipa.com\/en\/wp-json\/wp\/v2\/product\/447","targetHints":{"allow":["GET"]}}],"collection":[{"href":"https:\/\/www.peterlipa.com\/en\/wp-json\/wp\/v2\/product"}],"about":[{"href":"https:\/\/www.peterlipa.com\/en\/wp-json\/wp\/v2\/types\/product"}],"replies":[{"embeddable":true,"href":"https:\/\/www.peterlipa.com\/en\/wp-json\/wp\/v2\/comments?post=447"}],"wp:featuredmedia":[{"embeddable":true,"href":"https:\/\/www.peterlipa.com\/en\/wp-json\/wp\/v2\/media\/458"}],"wp:attachment":[{"href":"https:\/\/www.peterlipa.com\/en\/wp-json\/wp\/v2\/media?parent=447"}],"wp:term":[{"taxonomy":"product_brand","embeddable":true,"href":"https:\/\/www.peterlipa.com\/en\/wp-json\/wp\/v2\/product_brand?post=447"},{"taxonomy":"product_cat","embeddable":true,"href":"https:\/\/www.peterlipa.com\/en\/wp-json\/wp\/v2\/product_cat?post=447"},{"taxonomy":"product_tag","embeddable":true,"href":"https:\/\/www.peterlipa.com\/en\/wp-json\/wp\/v2\/product_tag?post=447"}],"curies":[{"name":"wp","href":"https:\/\/api.w.org\/{rel}","templated":true}]}}